{"id":2,"date":"2025-11-12T11:54:15","date_gmt":"2025-11-12T11:54:15","guid":{"rendered":"https:\/\/enismeditalok.wtbstudio.com\/?page_id=2"},"modified":"2025-11-17T09:07:41","modified_gmt":"2025-11-17T09:07:41","slug":"hamarosan","status":"publish","type":"page","link":"https:\/\/enismeditalok.hu\/","title":{"rendered":"Hamarosan"},"content":{"rendered":"","protected":false},"excerpt":{"rendered":"","protected":false},"author":1,"featured_media":0,"parent":0,"menu_order":0,"comment_status":"closed","ping_status":"closed","template":"home.php","meta":{"_seopress_robots_primary_cat":"","_seopress_titles_title":"\u00c9n is Medit\u00e1lok - Hamarosan","_seopress_titles_desc":"Ahol a bels\u0151 b\u00e9ke k\u00f6z\u00f6ss\u00e9gi \u00e9lm\u00e9nny\u00e9 v\u00e1lik.\u2028Inspir\u00e1ci\u00f3 I Kapcsol\u00f3d\u00e1s I Tudatoss\u00e1g","_seopress_robots_index":"","footnotes":""},"class_list":["post-2","page","type-page","status-publish","hentry"],"_links":{"self":[{"href":"https:\/\/enismeditalok.hu\/index.php?rest_route=\/wp\/v2\/pages\/2","targetHints":{"allow":["GET"]}}],"collection":[{"href":"https:\/\/enismeditalok.hu\/index.php?rest_route=\/wp\/v2\/pages"}],"about":[{"href":"https:\/\/enismeditalok.hu\/index.php?rest_route=\/wp\/v2\/types\/page"}],"author":[{"embeddable":true,"href":"https:\/\/enismeditalok.hu\/index.php?rest_route=\/wp\/v2\/users\/1"}],"replies":[{"embeddable":true,"href":"https:\/\/enismeditalok.hu\/index.php?rest_route=%2Fwp%2Fv2%2Fcomments&post=2"}],"version-history":[{"count":4,"href":"https:\/\/enismeditalok.hu\/index.php?rest_route=\/wp\/v2\/pages\/2\/revisions"}],"predecessor-version":[{"id":20,"href":"https:\/\/enismeditalok.hu\/index.php?rest_route=\/wp\/v2\/pages\/2\/revisions\/20"}],"wp:attachment":[{"href":"https:\/\/enismeditalok.hu\/index.php?rest_route=%2Fwp%2Fv2%2Fmedia&parent=2"}],"curies":[{"name":"wp","href":"https:\/\/api.w.org\/{rel}","templated":true}]}}